{"id":8195,"date":"2021-01-20T03:36:50","date_gmt":"2021-01-20T03:36:50","guid":{"rendered":"https:\/\/demo.farost.net\/energia\/?page_id=8195"},"modified":"2022-10-20T10:16:40","modified_gmt":"2022-10-20T10:16:40","slug":"servicios","status":"publish","type":"page","link":"https:\/\/facicom.com\/index.php\/servicios\/","title":{"rendered":"Nuestros servicios"},"content":{"rendered":"\t\t<div data-elementor-type=\"wp-page\" data-elementor-id=\"8195\" class=\"elementor elementor-8195\">\n\t\t\t\t\t\t\t        <section class=\"elementor-section elementor-top-section elementor-element elementor-element-617e3955 elementor-section-stretched elementor-section-boxed elementor-section-height-default elementor-section-height-default\" data-id=\"617e3955\" data-element_type=\"section\" data-settings=\"{&quot;stretch_section&quot;:&quot;section-stretched&quot;,&quot;background_background&quot;:&quot;classic&quot;}\">\n\t\t            <div class=\"elementor-background-overlay\"><\/div>\n\t\t\n\t\t        <div class=\"elementor-container elementor-column-gap-default \" >\n\t\t        <div class=\"elementor-column elementor-col-100 elementor-top-column elementor-element elementor-element-2712a3d0\" data-id=\"2712a3d0\" data-element_type=\"column\">\n        <div class=\"elementor-widget-wrap elementor-element-populated\">\n                                <section class=\"elementor-section elementor-inner-section elementor-element elementor-element-19bd8785 elementor-section-boxed elementor-section-height-default elementor-section-height-default\" data-id=\"19bd8785\" data-element_type=\"section\">\n\t\t\n\t\t        <div class=\"elementor-container elementor-column-gap-default \" >\n\t\t        <div class=\"elementor-column elementor-col-25 elementor-inner-column elementor-element elementor-element-92bc795\" data-id=\"92bc795\" data-element_type=\"column\">\n        <div class=\"elementor-widget-wrap\">\n                                <\/div>\n        <\/div>\n                <div class=\"elementor-column elementor-col-25 elementor-inner-column elementor-element elementor-element-47e5493e\" data-id=\"47e5493e\" data-element_type=\"column\">\n        <div class=\"elementor-widget-wrap elementor-element-populated\">\n                        \t\t<div class=\"elementor-element elementor-element-518d8ed elementor-widget elementor-widget-image\" data-id=\"518d8ed\" data-element_type=\"widget\" data-widget_type=\"image.default\">\n\t\t\t\t<div class=\"elementor-widget-container\">\n\t\t\t<style>\/*! elementor - v3.11.5 - 14-03-2023 *\/\n.elementor-widget-image{text-align:center}.elementor-widget-image a{display:inline-block}.elementor-widget-image a img[src$=\".svg\"]{width:48px}.elementor-widget-image img{vertical-align:middle;display:inline-block}<\/style>\t\t\t\t\t\t\t\t\t\t\t\t<img decoding=\"async\" width=\"150\" height=\"150\" src=\"https:\/\/facicom.com\/wp-content\/uploads\/2022\/07\/aire_acondicionado-150x150.png\" class=\"attachment-thumbnail size-thumbnail wp-image-16980\" alt=\"\" srcset=\"https:\/\/facicom.com\/wp-content\/uploads\/2022\/07\/aire_acondicionado-150x150.png 150w, https:\/\/facicom.com\/wp-content\/uploads\/2022\/07\/aire_acondicionado-300x300.png 300w, https:\/\/facicom.com\/wp-content\/uploads\/2022\/07\/aire_acondicionado.png 512w\" sizes=\"(max-width: 150px) 100vw, 150px\" \/>\t\t\t\t\t\t\t\t\t\t\t\t\t\t\t<\/div>\n\t\t\t\t<\/div>\n\t\t        <\/div>\n        <\/div>\n                <div class=\"elementor-column elementor-col-25 elementor-inner-column elementor-element elementor-element-ae439a9\" data-id=\"ae439a9\" data-element_type=\"column\">\n        <div class=\"elementor-widget-wrap elementor-element-populated\">\n                        \t\t<div class=\"elementor-element elementor-element-d84c1d4 elementor-widget elementor-widget-image\" data-id=\"d84c1d4\" data-element_type=\"widget\" data-widget_type=\"image.default\">\n\t\t\t\t<div class=\"elementor-widget-container\">\n\t\t\t\t\t\t\t\t\t\t\t\t\t\t\t<img decoding=\"async\" width=\"150\" height=\"150\" src=\"https:\/\/facicom.com\/wp-content\/uploads\/2022\/07\/calefaccion_valencia-150x150.png\" class=\"attachment-thumbnail size-thumbnail wp-image-16981\" alt=\"\" srcset=\"https:\/\/facicom.com\/wp-content\/uploads\/2022\/07\/calefaccion_valencia-150x150.png 150w, https:\/\/facicom.com\/wp-content\/uploads\/2022\/07\/calefaccion_valencia-300x300.png 300w, https:\/\/facicom.com\/wp-content\/uploads\/2022\/07\/calefaccion_valencia.png 512w\" sizes=\"(max-width: 150px) 100vw, 150px\" \/>\t\t\t\t\t\t\t\t\t\t\t\t\t\t\t<\/div>\n\t\t\t\t<\/div>\n\t\t        <\/div>\n        <\/div>\n                <div class=\"elementor-column elementor-col-25 elementor-inner-column elementor-element elementor-element-efc9a98\" data-id=\"efc9a98\" data-element_type=\"column\">\n        <div class=\"elementor-widget-wrap elementor-element-populated\">\n                        \t\t<div class=\"elementor-element elementor-element-36ca65c elementor-widget elementor-widget-image\" data-id=\"36ca65c\" data-element_type=\"widget\" data-widget_type=\"image.default\">\n\t\t\t\t<div class=\"elementor-widget-container\">\n\t\t\t\t\t\t\t\t\t\t\t\t\t\t\t<img decoding=\"async\" width=\"150\" height=\"150\" src=\"https:\/\/facicom.com\/wp-content\/uploads\/2022\/07\/paneles_solares_valencia-150x150.png\" class=\"attachment-thumbnail size-thumbnail wp-image-16982\" alt=\"\" srcset=\"https:\/\/facicom.com\/wp-content\/uploads\/2022\/07\/paneles_solares_valencia-150x150.png 150w, https:\/\/facicom.com\/wp-content\/uploads\/2022\/07\/paneles_solares_valencia-300x300.png 300w, https:\/\/facicom.com\/wp-content\/uploads\/2022\/07\/paneles_solares_valencia.png 512w\" sizes=\"(max-width: 150px) 100vw, 150px\" \/>\t\t\t\t\t\t\t\t\t\t\t\t\t\t\t<\/div>\n\t\t\t\t<\/div>\n\t\t        <\/div>\n        <\/div>\n        \t\t        <\/div>\n        <\/section>\n\t\t        <section class=\"elementor-section elementor-inner-section elementor-element elementor-element-37da201 elementor-section-boxed elementor-section-height-default elementor-section-height-default\" data-id=\"37da201\" data-element_type=\"section\">\n\t\t\n\t\t        <div class=\"elementor-container elementor-column-gap-default \" >\n\t\t        <div class=\"elementor-column elementor-col-50 elementor-inner-column elementor-element elementor-element-def9fb3\" data-id=\"def9fb3\" data-element_type=\"column\">\n        <div class=\"elementor-widget-wrap\">\n                                <\/div>\n        <\/div>\n                <div class=\"elementor-column elementor-col-50 elementor-inner-column elementor-element elementor-element-8b5d76a\" data-id=\"8b5d76a\" data-element_type=\"column\">\n        <div class=\"elementor-widget-wrap elementor-element-populated\">\n                        \t\t<div class=\"elementor-element elementor-element-e834a4a elementor-widget elementor-widget-cms_heading\" data-id=\"e834a4a\" data-element_type=\"widget\" data-widget_type=\"cms_heading.default\">\n\t\t\t\t<div class=\"elementor-widget-container\">\n\t\t\t<div class=\"cms-heading-wrapper cms-heading-layout1\">\r\n    \r\n            <h2 class=\"custom-heading\">\r\n            <span >Nuestros Servicios<\/span>\r\n        <\/h2>\r\n        \r\n    <\/div>\t\t<\/div>\n\t\t\t\t<\/div>\n\t\t\t\t<div class=\"elementor-element elementor-element-cfd93d5 elementor-widget elementor-widget-text-editor\" data-id=\"cfd93d5\" data-element_type=\"widget\" data-widget_type=\"text-editor.default\">\n\t\t\t\t<div class=\"elementor-widget-container\">\n\t\t\t<style>\/*! elementor - v3.11.5 - 14-03-2023 *\/\n.elementor-widget-text-editor.elementor-drop-cap-view-stacked .elementor-drop-cap{background-color:#818a91;color:#fff}.elementor-widget-text-editor.elementor-drop-cap-view-framed .elementor-drop-cap{color:#818a91;border:3px solid;background-color:transparent}.elementor-widget-text-editor:not(.elementor-drop-cap-view-default) .elementor-drop-cap{margin-top:8px}.elementor-widget-text-editor:not(.elementor-drop-cap-view-default) .elementor-drop-cap-letter{width:1em;height:1em}.elementor-widget-text-editor .elementor-drop-cap{float:left;text-align:center;line-height:1;font-size:50px}.elementor-widget-text-editor .elementor-drop-cap-letter{display:inline-block}<\/style>\t\t\t\t<p>Todo cuanto necesite para disfrutar&nbsp; de los beneficios de las instalaciones m\u00e1s eficientes y rentables.<br>Llevamos a su vivienda o empresa lo mejor de las energ\u00edas renovables.<\/p>\t\t\t\t\t\t<\/div>\n\t\t\t\t<\/div>\n\t\t        <\/div>\n        <\/div>\n        \t\t        <\/div>\n        <\/section>\n\t\t\t\t<div class=\"elementor-element elementor-element-21caaf5e elementor-widget elementor-widget-spacer\" data-id=\"21caaf5e\" data-element_type=\"widget\" data-widget_type=\"spacer.default\">\n\t\t\t\t<div class=\"elementor-widget-container\">\n\t\t\t<style>\/*! elementor - v3.11.5 - 14-03-2023 *\/\n.elementor-column .elementor-spacer-inner{height:var(--spacer-size)}.e-con{--container-widget-width:100%}.e-con-inner>.elementor-widget-spacer,.e-con>.elementor-widget-spacer{width:var(--container-widget-width,var(--spacer-size));--align-self:var(--container-widget-align-self,initial);--flex-shrink:0}.e-con-inner>.elementor-widget-spacer>.elementor-widget-container,.e-con-inner>.elementor-widget-spacer>.elementor-widget-container>.elementor-spacer,.e-con>.elementor-widget-spacer>.elementor-widget-container,.e-con>.elementor-widget-spacer>.elementor-widget-container>.elementor-spacer{height:100%}.e-con-inner>.elementor-widget-spacer>.elementor-widget-container>.elementor-spacer>.elementor-spacer-inner,.e-con>.elementor-widget-spacer>.elementor-widget-container>.elementor-spacer>.elementor-spacer-inner{height:var(--container-widget-height,var(--spacer-size))}<\/style>\t\t<div class=\"elementor-spacer\">\n\t\t\t<div class=\"elementor-spacer-inner\"><\/div>\n\t\t<\/div>\n\t\t\t\t<\/div>\n\t\t\t\t<\/div>\n\t\t        <\/div>\n        <\/div>\n        \t\t        <\/div>\n        <\/section>\n\t\t        <section class=\"elementor-section elementor-top-section elementor-element elementor-element-ece8ae7 elementor-section-stretched elementor-section-boxed elementor-section-height-default elementor-section-height-default\" data-id=\"ece8ae7\" data-element_type=\"section\" data-settings=\"{&quot;stretch_section&quot;:&quot;section-stretched&quot;,&quot;background_background&quot;:&quot;classic&quot;}\">\n\t\t\n\t\t        <div class=\"elementor-container elementor-column-gap-default \" >\n\t\t        <div class=\"elementor-column elementor-col-100 elementor-top-column elementor-element elementor-element-0961eb9\" data-id=\"0961eb9\" data-element_type=\"column\">\n        <div class=\"elementor-widget-wrap elementor-element-populated\">\n                        \t\t<div class=\"elementor-element elementor-element-4aefc85 elementor-widget elementor-widget-cms_heading\" data-id=\"4aefc85\" data-element_type=\"widget\" data-widget_type=\"cms_heading.default\">\n\t\t\t\t<div class=\"elementor-widget-container\">\n\t\t\t<div class=\"cms-heading-wrapper cms-heading-layout1\">\r\n            <div class=\"custom-subheading\">\u00danase al futuro de la mano de FACICOM<\/div>\r\n    \r\n            <h2 class=\"custom-heading\">\r\n            <span >A trav\u00e9s de nuestros servicios, ser\u00e1 m\u00e1s f\u00e1cil que nunca mejorar la eficiencia energ\u00e9tica de su propiedad. Disfrute y ahorre con FACICOM.<\/span>\r\n        <\/h2>\r\n        \r\n    <\/div>\t\t<\/div>\n\t\t\t\t<\/div>\n\t\t\t\t<div class=\"elementor-element elementor-element-d68066b elementor-widget elementor-widget-spacer\" data-id=\"d68066b\" data-element_type=\"widget\" data-widget_type=\"spacer.default\">\n\t\t\t\t<div class=\"elementor-widget-container\">\n\t\t\t\t\t<div class=\"elementor-spacer\">\n\t\t\t<div class=\"elementor-spacer-inner\"><\/div>\n\t\t<\/div>\n\t\t\t\t<\/div>\n\t\t\t\t<\/div>\n\t\t        <\/div>\n        <\/div>\n        \t\t        <\/div>\n        <\/section>\n\t\t        <section class=\"elementor-section elementor-top-section elementor-element elementor-element-96af369 elementor-section-stretched elementor-section-boxed elementor-section-height-default elementor-section-height-default\" data-id=\"96af369\" data-element_type=\"section\" data-settings=\"{&quot;stretch_section&quot;:&quot;section-stretched&quot;,&quot;background_background&quot;:&quot;classic&quot;}\">\n\t\t\n\t\t        <div class=\"elementor-container elementor-column-gap-default \" >\n\t\t        <div class=\"elementor-column elementor-col-100 elementor-top-column elementor-element elementor-element-340ce66\" data-id=\"340ce66\" data-element_type=\"column\">\n        <div class=\"elementor-widget-wrap elementor-element-populated\">\n                        \t\t<div class=\"elementor-element elementor-element-91f2f21 elementor-position-left elementor-vertical-align-top elementor-widget elementor-widget-image-box\" data-id=\"91f2f21\" data-element_type=\"widget\" data-widget_type=\"image-box.default\">\n\t\t\t\t<div class=\"elementor-widget-container\">\n\t\t\t<style>\/*! elementor - v3.11.5 - 14-03-2023 *\/\n.elementor-widget-image-box .elementor-image-box-content{width:100%}@media (min-width:768px){.elementor-widget-image-box.elementor-position-left .elementor-image-box-wrapper,.elementor-widget-image-box.elementor-position-right .elementor-image-box-wrapper{display:flex}.elementor-widget-image-box.elementor-position-right .elementor-image-box-wrapper{text-align:right;flex-direction:row-reverse}.elementor-widget-image-box.elementor-position-left .elementor-image-box-wrapper{text-align:left;flex-direction:row}.elementor-widget-image-box.elementor-position-top .elementor-image-box-img{margin:auto}.elementor-widget-image-box.elementor-vertical-align-top .elementor-image-box-wrapper{align-items:flex-start}.elementor-widget-image-box.elementor-vertical-align-middle .elementor-image-box-wrapper{align-items:center}.elementor-widget-image-box.elementor-vertical-align-bottom .elementor-image-box-wrapper{align-items:flex-end}}@media (max-width:767px){.elementor-widget-image-box .elementor-image-box-img{margin-left:auto!important;margin-right:auto!important;margin-bottom:15px}}.elementor-widget-image-box .elementor-image-box-img{display:inline-block}.elementor-widget-image-box .elementor-image-box-title a{color:inherit}.elementor-widget-image-box .elementor-image-box-wrapper{text-align:center}.elementor-widget-image-box .elementor-image-box-description{margin:0}<\/style><div class=\"elementor-image-box-wrapper\"><figure class=\"elementor-image-box-img\"><img decoding=\"async\" width=\"622\" height=\"416\" src=\"https:\/\/facicom.com\/wp-content\/uploads\/2022\/07\/aerotermia_valencia.jpg\" class=\"attachment-full size-full wp-image-17116\" alt=\"\" srcset=\"https:\/\/facicom.com\/wp-content\/uploads\/2022\/07\/aerotermia_valencia.jpg 622w, https:\/\/facicom.com\/wp-content\/uploads\/2022\/07\/aerotermia_valencia-300x201.jpg 300w\" sizes=\"(max-width: 622px) 100vw, 622px\" \/><\/figure><div class=\"elementor-image-box-content\"><h2 class=\"elementor-image-box-title\">Instalaciones de climatizaci\u00f3n con aerotermia<\/h2><p class=\"elementor-image-box-description\">Realizamos instalaciones de climatizaci\u00f3n con Aerotermia en Valencia, Es un tipo de energ\u00eda renovable y limpia que nos puede proporcionar calefacci\u00f3n agua caliente sanitaria y refrigeraci\u00f3n. Esto es posible ya que utiliza una bomba de calor inverter dise\u00f1ada especialmente para tener un m\u00e1ximo rendimiento y eficiencia energ\u00e9tica, que extrae el aire del exterior. En FACICOM Valencia realizamos la instalaci\u00f3n y mantenimiento de todo tipo de instalaciones de aerotermia para clientes particulares y empresas. <\/p><\/div><\/div>\t\t<\/div>\n\t\t\t\t<\/div>\n\t\t        <\/div>\n        <\/div>\n        \t\t        <\/div>\n        <\/section>\n\t\t        <section class=\"elementor-section elementor-top-section elementor-element elementor-element-ad62e12 elementor-section-stretched elementor-section-boxed elementor-section-height-default elementor-section-height-default\" data-id=\"ad62e12\" data-element_type=\"section\" data-settings=\"{&quot;stretch_section&quot;:&quot;section-stretched&quot;,&quot;background_background&quot;:&quot;classic&quot;}\">\n\t\t\n\t\t        <div class=\"elementor-container elementor-column-gap-default \" >\n\t\t        <div class=\"elementor-column elementor-col-100 elementor-top-column elementor-element elementor-element-1a7cc1f\" data-id=\"1a7cc1f\" data-element_type=\"column\">\n        <div class=\"elementor-widget-wrap elementor-element-populated\">\n                        \t\t<div class=\"elementor-element elementor-element-8d6d367 elementor-position-right elementor-vertical-align-top elementor-widget elementor-widget-image-box\" data-id=\"8d6d367\" data-element_type=\"widget\" data-widget_type=\"image-box.default\">\n\t\t\t\t<div class=\"elementor-widget-container\">\n\t\t\t<div class=\"elementor-image-box-wrapper\"><figure class=\"elementor-image-box-img\"><img decoding=\"async\" width=\"622\" height=\"416\" src=\"https:\/\/facicom.com\/wp-content\/uploads\/2022\/07\/instaladores_aire_acondicionado_valencia.jpg\" class=\"attachment-full size-full wp-image-17124\" alt=\"\" srcset=\"https:\/\/facicom.com\/wp-content\/uploads\/2022\/07\/instaladores_aire_acondicionado_valencia.jpg 622w, https:\/\/facicom.com\/wp-content\/uploads\/2022\/07\/instaladores_aire_acondicionado_valencia-300x201.jpg 300w\" sizes=\"(max-width: 622px) 100vw, 622px\" \/><\/figure><div class=\"elementor-image-box-content\"><h2 class=\"elementor-image-box-title\">Instalaciones de aire acondicionado en valencia <\/h2><p class=\"elementor-image-box-description\">Pensar en aire acondicionado es pensar en FACICOM en Valencia. Realizamos un proyecto con el objetivo de orientarte en los equipos y materiales que mejor se adapten a tus necesidades, porque entendemos que los sistemas de aire acondicionado deben elegirse en funci\u00f3n de cada espacio y condiciones, tomando en cuenta que deben climatizar de manera perfecta el aire, la temperatura y la humedad sin renunciar a la eficiencia energ\u00e9tica.<\/p><\/div><\/div>\t\t<\/div>\n\t\t\t\t<\/div>\n\t\t        <\/div>\n        <\/div>\n        \t\t        <\/div>\n        <\/section>\n\t\t        <section class=\"elementor-section elementor-top-section elementor-element elementor-element-4267a0a elementor-section-stretched elementor-section-boxed elementor-section-height-default elementor-section-height-default\" data-id=\"4267a0a\" data-element_type=\"section\" data-settings=\"{&quot;stretch_section&quot;:&quot;section-stretched&quot;,&quot;background_background&quot;:&quot;classic&quot;}\">\n\t\t\n\t\t        <div class=\"elementor-container elementor-column-gap-default \" >\n\t\t        <div class=\"elementor-column elementor-col-100 elementor-top-column elementor-element elementor-element-c1e57f7\" data-id=\"c1e57f7\" data-element_type=\"column\">\n        <div class=\"elementor-widget-wrap elementor-element-populated\">\n                        \t\t<div class=\"elementor-element elementor-element-02a78b0 elementor-position-left elementor-vertical-align-top elementor-widget elementor-widget-image-box\" data-id=\"02a78b0\" data-element_type=\"widget\" data-widget_type=\"image-box.default\">\n\t\t\t\t<div class=\"elementor-widget-container\">\n\t\t\t<div class=\"elementor-image-box-wrapper\"><figure class=\"elementor-image-box-img\"><img decoding=\"async\" width=\"1380\" height=\"776\" src=\"https:\/\/facicom.com\/wp-content\/uploads\/2022\/07\/puntos_recarga_coche_electricvo.webp\" class=\"attachment-full size-full wp-image-17125\" alt=\"\" srcset=\"https:\/\/facicom.com\/wp-content\/uploads\/2022\/07\/puntos_recarga_coche_electricvo.webp 1380w, https:\/\/facicom.com\/wp-content\/uploads\/2022\/07\/puntos_recarga_coche_electricvo-300x169.webp 300w, https:\/\/facicom.com\/wp-content\/uploads\/2022\/07\/puntos_recarga_coche_electricvo-1024x576.webp 1024w, https:\/\/facicom.com\/wp-content\/uploads\/2022\/07\/puntos_recarga_coche_electricvo-768x432.webp 768w\" sizes=\"(max-width: 1380px) 100vw, 1380px\" \/><\/figure><div class=\"elementor-image-box-content\"><h2 class=\"elementor-image-box-title\">Instalaci\u00f3n de energ\u00edas renovables en valencia y puntos de recarga veh\u00edculo el\u00e9ctrico<\/h2><p class=\"elementor-image-box-description\">\u00a1Pr\u00f3ximamente!<\/p><\/div><\/div>\t\t<\/div>\n\t\t\t\t<\/div>\n\t\t        <\/div>\n        <\/div>\n        \t\t        <\/div>\n        <\/section>\n\t\t\t\t\t\t\t<\/div>\n\t\t","protected":false},"excerpt":{"rendered":"<p>Nuestros Servicios Todo cuanto necesite para disfrutar&nbsp; de los beneficios de las instalaciones m\u00e1s eficientes y rentables.Llevamos a su vivienda o empresa lo mejor de las energ\u00edas renovables. \u00danase al futuro de la mano de FACICOM A trav\u00e9s de nuestros servicios, ser\u00e1 m\u00e1s f\u00e1cil que nunca mejorar la eficiencia energ\u00e9tica de su propiedad. Disfrute y [&hellip;]<\/p>\n","protected":false},"author":1,"featured_media":0,"parent":0,"menu_order":0,"comment_status":"closed","ping_status":"closed","template":"","meta":{"footnotes":""},"class_list":["post-8195","page","type-page","status-publish","hentry"],"_links":{"self":[{"href":"https:\/\/facicom.com\/index.php\/wp-json\/wp\/v2\/pages\/8195","targetHints":{"allow":["GET"]}}],"collection":[{"href":"https:\/\/facicom.com\/index.php\/wp-json\/wp\/v2\/pages"}],"about":[{"href":"https:\/\/facicom.com\/index.php\/wp-json\/wp\/v2\/types\/page"}],"author":[{"embeddable":true,"href":"https:\/\/facicom.com\/index.php\/wp-json\/wp\/v2\/users\/1"}],"replies":[{"embeddable":true,"href":"https:\/\/facicom.com\/index.php\/wp-json\/wp\/v2\/comments?post=8195"}],"version-history":[{"count":33,"href":"https:\/\/facicom.com\/index.php\/wp-json\/wp\/v2\/pages\/8195\/revisions"}],"predecessor-version":[{"id":17244,"href":"https:\/\/facicom.com\/index.php\/wp-json\/wp\/v2\/pages\/8195\/revisions\/17244"}],"wp:attachment":[{"href":"https:\/\/facicom.com\/index.php\/wp-json\/wp\/v2\/media?parent=8195"}],"curies":[{"name":"wp","href":"https:\/\/api.w.org\/{rel}","templated":true}]}}